{"id":11,"date":"2024-04-14T11:28:28","date_gmt":"2024-04-14T09:28:28","guid":{"rendered":"http:\/\/dahans.at\/wordpress\/?page_id=11"},"modified":"2025-12-17T09:53:39","modified_gmt":"2025-12-17T08:53:39","slug":"termine","status":"publish","type":"page","link":"https:\/\/dahans.at\/wordpress\/index.php\/termine\/","title":{"rendered":"Termine"},"content":{"rendered":"\n<div class=\"wp-block-columns is-layout-flex wp-container-core-columns-is-layout-9d6595d7 wp-block-columns-is-layout-flex\">\n<div class=\"wp-block-column is-layout-flow wp-block-column-is-layout-flow\" style=\"flex-basis:100%\">\n<figure class=\"wp-block-table is-style-regular\"><table class=\"has-white-background-color has-background\"><tbody><tr><td><strong>aktuelle Termine:<\/strong><\/td><td><\/td><td><\/td><\/tr><tr><td>Samstag, 17.1.2026<\/td><td>Rockprogramm mit Band<\/td><td>Eschenlaube. 8010 Graz<\/td><\/tr><tr><td>Donnerstag, 18.12.2025<\/td><td>Lesung und Akustik-Konzert<\/td><td>Psychosoziales Zentrum, 8020 Graz<\/td><\/tr><tr><td><\/td><td><\/td><td><\/td><\/tr><tr><td><strong>bereits vergangene Termine:<\/strong><\/td><td><\/td><td><\/td><\/tr><tr><td>Samstag, 13.12.2025<\/td><td>Lesung und Akustik-Konzert<\/td><td>Altkatholische Gemeinde, 8020 Graz<\/td><\/tr><tr><td>Samstag, 4.10.2025<\/td><td>Akustik-Konzert<\/td><td>NLP Kongress, 8020 Graz<\/td><\/tr><tr><td>Freitag, 21.6.2024<\/td><td>&#8222;Wei\u00df-Gr\u00fcne-W\u00f6lln&#8220;<\/td><td>\u00a0&#8222;Nostalgie St\u00fcberl&#8220; Grabenstr. 32, Graz<\/td><\/tr><tr><td>2023<\/td><td><\/td><td><\/td><\/tr><tr><td>Sonntag, 17.9.2023, 20Uhr<\/td><td>Mundart Festival<\/td><td>Artists \/ 8020 Graz, Sch\u00fctzgasse<\/td><\/tr><tr><td>Samstag, 25.11.2023<\/td><td><\/td><td>Eschenlaube, Graz<\/td><\/tr><tr><td>Samstag, 27.6.2022<\/td><td>Dialekt schmeckt am Berg<\/td><td>Enzianwirt, Wechselgebiet, N\u00d6<\/td><\/tr><tr><td>Mittwoch 13. November 2019, 19.30<\/td><td>im Rahmen der &#8222;weiss-gr\u00fcnen W\u00f6lln&#8220;<\/td><td>Graz, Murinsel<\/td><\/tr><tr><td>Mittwoch 13. November 2019, 19.30<\/td><td>im Rahmen der &#8222;weiss-gr\u00fcnen W\u00f6lln&#8220;<\/td><td>Graz, Murinsel<\/td><\/tr><tr><td>Freitag 7. Februar 2020<\/td><td>&#8222;Kunst, Kultur und Bier&#8220;<\/td><td>KKB, Nestelbach im Ilztal<\/td><\/tr><tr><td>Samstag, 4. Mai 2019, 20Uhr<\/td><td>im Rahmen der &#8222;weiss-gr\u00fcnen W\u00f6lln&#8220;<\/td><td>Moxx, Graz, Moserhofgasse<\/td><\/tr><tr><td>Donnerstag, 10. J\u00e4nner 2019<\/td><td>das B\u00f6seste aus 5 Alben<\/td><td>Mike&#8217;s Bar, Graz Lendplatz<\/td><\/tr><tr><td>Freitag, 25.J\u00e4nner.2019<\/td><td>Benefizkonzert gegen soziale K\u00e4lte<\/td><td>AK-Saal Graz<\/td><\/tr><tr><td>Freitag, 8.Juni 2018<\/td><td>Albumpr\u00e4sentation &#8222;sch(m)erzbefreit&#8220;<\/td><td>TamTam, 8010 Graz, Keesgasse 3<\/td><\/tr><tr><td>Freitag, 24. August 2018, 16.30h<\/td><td>&nbsp;<\/td><td>Innenstadt, Neunkirchen<\/td><\/tr><tr><td>Sonntag, 26. August, 20h<\/td><td>&nbsp;<\/td><td>Schlo\u00dfkeller Ligist, &#8222;fish and gigs&#8220;<\/td><\/tr><tr><td>Samstag, 13. Oktober, 20h<\/td><td>&nbsp;<\/td><td>&#8222;Kultur im Glanz&#8220;, Glanzgraben bei Bruck<\/td><\/tr><tr><td>Donnerstag, 13.Dezember 2018, 20h30<\/td><td>Sch(m)erzbefreit<\/td><td>Schauspielhaus Graz<\/td><\/tr><tr><td>&nbsp;<\/td><td>&nbsp;<\/td><td>&nbsp;<\/td><\/tr><tr><td>&nbsp;<\/td><td>&nbsp;<\/td><td>&nbsp;<\/td><\/tr><tr><td>&nbsp;<\/td><td>&nbsp;<\/td><td>&nbsp;<\/td><\/tr><tr><td>&nbsp;<\/td><td>&nbsp;<\/td><td>&nbsp;<\/td><\/tr><tr><td>2017<\/td><td>&nbsp;<\/td><td>&nbsp;<\/td><\/tr><tr><td>Freitag, 21. Juli 2017<\/td><td>Kleinkunstmusik<\/td><td>Ragnitzbad<\/td><\/tr><tr><td>Sonntag, 24. September 2017, 16Uhr!<\/td><td>Kleinkunstmusik<\/td><td>Alpengarten Rannach<\/td><\/tr><tr><td>Freitag, 7.April 2017<\/td><td>Kleinkunstmusik<\/td><td>Kulturwerkstatt, Graz Dreihackengasse<\/td><\/tr><tr><td>Sonntag, 11. Juni 2017<\/td><td>Kleinkunstmusik<\/td><td>Schlosskeller, Ligist<\/td><\/tr><tr><td>Samstag, 18. M\u00e4rz 2017<\/td><td>mit G\u00e4sten<\/td><td>Generalmusikdirektion Graz, &#8222;Music for Meki&#8220;<\/td><\/tr><tr><td>2016<\/td><td>&nbsp;<\/td><td>&nbsp;<\/td><\/tr><tr><td>Donnerstag, 20.Oktober 2016<\/td><td>akustik Duo<\/td><td>Mike&#8217;s Bar, Graz, Lendplatz<\/td><\/tr><tr><td>Freitag, 11.November.2016<\/td><td>akustik Duo<\/td><td>Generalmusikdirektion, Graz<\/td><\/tr><tr><td>Samstag, 27. August 2016<\/td><td>akustik Duo<\/td><td>Dialekt schmeckt am Berg<\/td><\/tr><tr><td>Freitag, 15. Juli 2016<\/td><td>akustik Duo<\/td><td>Cafe Amadeus, Wien <a href=\"http:\/\/dahans.at\/www.cafeamadeus.at\">www.cafeamadeus.at<\/a><\/td><\/tr><tr><td>Samstag, 9.Juli 2016<\/td><td>akustik Trio<\/td><td>Kultur am Steg &#8211; Musikfestival &#8222;Seebeben&#8220;<\/td><\/tr><tr><td>Samstag, 23. April 2016<\/td><td>akustik Duo<\/td><td>Kultur im Glanz, Bruck\/M.<\/td><\/tr><tr><td>Donnerstag, 3. M\u00e4rz 2016<\/td><td>akustik Duo<\/td><td>Mike&#8217;s Bar. Lendplatz, Graz<\/td><\/tr><tr><td>Sonntag, 24. J\u00e4nner 2016<\/td><td>gemeinsam mit G.Schwarzbauer\/Jonathan St\u00f6bsel<\/td><td>Theater Lechtaler-Belic<\/td><\/tr><tr><td>Sonntag, 7.Februar 2016<\/td><td>akustik<\/td><td>Schlosskeller, Ligist<\/td><\/tr><tr><td>Freitag, 26.Februar 2016<\/td><td>akustik<\/td><td>Kulturwerkstatt, Graz Dreihackengasse<\/td><\/tr><tr><td>&nbsp;<\/td><td>&nbsp;<\/td><td>&nbsp;<\/td><\/tr><tr><td><strong>2015<\/strong><\/td><td>&nbsp;<\/td><td>&nbsp;<\/td><\/tr><tr><td>Mittwoch, 7.Oktober 2015<\/td><td>akustik Duo<\/td><td>mit J\u00f6rg Veselka, Bluegarage Frauental<\/td><\/tr><tr><td>Donnerstag, 5. November 2015<\/td><td>Akustik solo<\/td><td>Mike&#8217;s Bar, Graz Lendplatz<\/td><\/tr><tr><td>Sonntag, 6.September 2015<\/td><td>akustik solo<\/td><td>&#8222;Dialekt schmeckt am Berg&#8220; Enzianh\u00fctte, Semmering<\/td><\/tr><tr><td>Sonntag, 20. September 2015<\/td><td>akustik<\/td><td>Graz, Hilmteich<\/td><\/tr><tr><td>Freitag, 29.Mai 2015<\/td><td>akustik Duo<\/td><td>Kultur im Glanz, Bruck\/M.<\/td><\/tr><tr><td>Donnerstag, 21.Mai 2015<\/td><td>akustik Trio<\/td><td>Schloss Dornhofen, Purgstall bei Graz<\/td><\/tr><tr><td>Freitag, 24.April 2015<\/td><td>akustik Duo<\/td><td>B\u00fchnenwirtshaus Aigner, Wieselburg<\/td><\/tr><tr><td>Samstag, 7.M\u00e4rz 2015<\/td><td>akustik &#8211; mit J\u00f6rg Veselka<\/td><td>Allerheiligen bei Wildon<\/td><\/tr><tr><td>Freitag, 20.M\u00e4rz.2015<\/td><td>akustik<\/td><td>Schlosskeller, Ligist<\/td><\/tr><tr><td>Samstag, 23.J\u00e4nner.2015<\/td><td>akustik &#8211; mit Vusa (Insingizi) und Andi Fitzner<\/td><td>Cafe Amadeus, Wien <a href=\"http:\/\/dahans.at\/www.cafeamadeus.at\">www.cafeamadeus.at<\/a><\/td><\/tr><tr><td>Freitag, 16.J\u00e4nner.2015<\/td><td>akustik<\/td><td>Kulturwerkstatt, Dreihackengasse, 8020 Graz<\/td><\/tr><tr><td>Freitag, 3.Oktober 2014<\/td><td>akustik<\/td><td>Exil Musicbar, Bruck \/M.<\/td><\/tr><tr><td>Sonntag, 24. August 2014<\/td><td>akustik-Solo<\/td><td>Wetterkogelhaus, Hochwechsel<\/td><\/tr><tr><td>Sonntag, 1.Juni 2014<\/td><td>akustik<\/td><td>Schlosskeller, Ligist<\/td><\/tr><tr><td>Sonntag, 15. Juni 2014<\/td><td>akustik<\/td><td>Alpengarten Rannach<\/td><\/tr><tr><td>Samstag, 21. Juni 2014<\/td><td>akustik<\/td><td>Wildon, Roadhouse<\/td><\/tr><tr><td>Freitag, 14. M\u00e4rz 2014<\/td><td>DA HANS UND SEI RAK EN ROUL<\/td><td>American Roadhouse, Graz, Puchstra\u00dfe<\/td><\/tr><tr><td>Samstag, 3. Mai. 2014<\/td><td>akustik<\/td><td>Bluegarage, Frauental &#8211; <a href=\"http:\/\/dahans.at\/www.bluegarage.at\">www.bluegarage.at<\/a><\/td><\/tr><tr><td>&nbsp;<\/td><td>&nbsp;<\/td><td>&nbsp;<\/td><\/tr><tr><td>&nbsp;<\/td><td>&nbsp;<\/td><td>&nbsp;<\/td><\/tr><tr><td><strong>2013<\/strong><\/td><td>&nbsp;<\/td><td>&nbsp;<\/td><\/tr><tr><td>Freitag, 29.11.2013<\/td><td>DA HANS UND SEI KLEINKUNSTMUSIK<\/td><td>&#8222;Kultur im Glanz&#8220; \/ Bruck\/M. <a href=\"http:\/\/dahans.at\/www.kulturglanz.a\">www.kulturglanz.at<\/a><\/td><\/tr><tr><td>Donnerstag, 7.11.2013<\/td><td>DA HANS ganz allaan<\/td><td>Mike&#8217;s Bar, Graz, Lendplatz<\/td><\/tr><tr><td>Donnerstag, 24.10.2013<\/td><td>DA HANS UND SEI KLEINKUNSTMUSIK<\/td><td>DVD-Pr\u00e4sentation, Mike&#8217;s Bar, Graz, Lendplatz (kein Livekonzert)<\/td><\/tr><tr><td>Freitag, 28.Juni 2013<\/td><td>DA HANS UND SEI RAK EN ROUL<\/td><td>Stadtteilfest, Triestersiedlung<\/td><\/tr><tr><td>Freitag, 12. Juli 2013<\/td><td>DA HANS und sei Kleinkunstmusik<\/td><td>H\u00f6chwirt, Graz-Andritz<\/td><\/tr><tr><td>Samstag, 24. August 2013<\/td><td>DA HANS UND SEI RAK EN ROUL<\/td><td>Taggerhof, H\u00f6nigtal (beiGraz)<\/td><\/tr><tr><td>Sonntag, 1.September 2013<\/td><td>DA HANS und sei Kleinkunstmusik<\/td><td>&#8222;Dialekt schmeckt am Berg&#8220;, Schneeberg, N\u00d6<\/td><\/tr><tr><td>Freitag, 6.September 2013<\/td><td>DA HANS und sei Kleinkunstmusik<\/td><td><a href=\"http:\/\/www.cafeamadeus.at\">Cafe Amadeus\/Wien<\/a><\/td><\/tr><tr><td>Sonntag, 19.Mai 2013<\/td><td>DA HANS und sei Kleinkunstmusik, DVD Aufzeichnung<\/td><td>Brot+Spiele Graz &#8211; 1. Vorstellung 13Uhr<\/td><\/tr><tr><td>Sonntag, 19.Mai 2013<\/td><td>DA HANS und sei Kleinkunstmusik, DVD Aufzeichnung<\/td><td>Brot+Spiele Graz &#8211; 2. Vorstellung 15Uhr<\/td><\/tr><tr><td>Montag, 20.Mai 2013<\/td><td>DA HANS und sei Kleinkunstmusik, DVD Aufzeichnung<\/td><td>Brot+Spiele Graz &#8211; Vorstellung 14Uhr<\/td><\/tr><tr><td>Samstag, 23. Februar 2013<\/td><td>DA HANS UND SEI RAK EN ROUL<\/td><td>Kulturhalle Eggersdorf, als G\u00e4ste bei BAND-GRAZ<\/td><\/tr><tr><td>Freitag, 15.Februar 2013<\/td><td>DA HANS und sei Kleinkunstmusik<\/td><td>&#8222;Postwirt&#8220;, Tober\/Passail<\/td><\/tr><tr><td>Samstag, 2.Februar, 2013<\/td><td>DA HANS UND SEI RAK EN ROUL<\/td><td><a href=\"http:\/\/www.eschenlaube.at\" target=\"_blank\" rel=\"noreferrer noopener\">Eschenlaube, Graz<\/a><\/td><\/tr><tr><td>Donnerstag, 7.Februar 2013<\/td><td>DA HANS ganz allaan<\/td><td>Mike&#8217;s Bar, 8020 Graz, Lendplatz<\/td><\/tr><tr><td>Freitag, 8.Februar, 2013<\/td><td>DA HANS und sei Kleinkunstmusik<\/td><td><a href=\"http:\/\/www.cafeamadeus.at\">Cafe Amadeus\/Wien<\/a><\/td><\/tr><tr><td>&nbsp;<\/td><td>&nbsp;<\/td><td>&nbsp;<\/td><\/tr><tr><td>&nbsp;<\/td><td>&nbsp;<\/td><td>&nbsp;<\/td><\/tr><tr><td><strong>2012<\/strong><\/td><td>&nbsp;<\/td><td>&nbsp;<\/td><\/tr><tr><td>Samstag, 4.Februar 2012<\/td><td>DA HANS ziemlich akustisch<\/td><td>Br\u00e4ukeller, Graz, Keplerstra\u00dfe<\/td><\/tr><tr><td>Donnerstag, 1.M\u00e4rz 2012<\/td><td>DA HANS GANZ OHNE(!) Saitenreisser<\/td><td>&#8222;Mike&#8217;s Bar&#8220;, Graz Lendplatz<\/td><\/tr><tr><td>Samstag, 17.M\u00e4rz 2012<\/td><td>DA HANS ziemlich akustisch<\/td><td>Luigi&#8217;s Musicclub, Ilz<\/td><\/tr><tr><td>Freitag, 14.April 2012<\/td><td>DA HANS ziemlich akustisch<\/td><td>Br\u00e4ukeller, Graz, Keplerstra\u00dfe<\/td><\/tr><tr><td>Freitag, 27.April. 2012<\/td><td>DA HANS ziemlich akustisch<\/td><td>&#8222;Segafredo&#8220;, Bruck a.d.Mur<\/td><\/tr><tr><td>Sonntag, 3. Juni 2012<\/td><td>DA elektrische HANS<\/td><td>Stadtfest, Graz<\/td><\/tr><tr><td>Samstag, 9.Juni 2012<\/td><td>DA elektrische HANS<\/td><td>Stadtteilfest, Triesterstra\u00dfe, 8020 Graz<\/td><\/tr><tr><td>Samstag, 30. Juni 2012<\/td><td>DA HANS GANZ OHNE(!) SAITENREISSER<\/td><td>Fliegerfest, Alpenflugplatz Timmersdorf<\/td><\/tr><tr><td>Samstag, 18. August.2012<\/td><td>DA HANS als speschll G\u00e4st<\/td><td>10 Jahre &#8222;Band-Graz&#8220;, Taggerhof, H\u00f6nigtal<\/td><\/tr><tr><td>Samstag, 1. September 2012<\/td><td>DA HANS GANZ OHNE(!) SAITENREISSER<\/td><td>&#8222;Dialekt schmeckt&#8220; am Berg, Almh\u00fctte Wechselgebiet<\/td><\/tr><tr><td>Mittwoch, 12. September 2012<\/td><td>DA HANS als speschll G\u00e4st<\/td><td>gemeinsam mit Leo Bei (alias &#8222;Karl Horak&#8220;), Cafe Amadeus, Wien<\/td><\/tr><tr><td>Samstag, 13.Oktober 2012<\/td><td>DA HANS und sei Kleinkunstmusik<\/td><td><a href=\"http:\/\/dahans.at\/www.bluegarage.at\">Bluegarage, Frauental<\/a><\/td><\/tr><tr><td>Freitag, 26.Oktober 2012<\/td><td>DA elektrische HANS<\/td><td>&#8222;Segafredo&#8220; Bruck a.d. Mur (gemeinsam mit den &#8222;Lechner Bros.&#8220;)<\/td><\/tr><tr><td>Freitag, 2.November 2012<\/td><td>DA HANS und sei Kleinkunstmusik<\/td><td>&#8222;Kultur im Glanz&#8220; \/ Bruck\/M. <a href=\"http:\/\/dahans.at\/www.kulturglanz.a\">www.kulturglanz.at<\/a><\/td><\/tr><tr><td>Freitag, 9. November 2012<\/td><td>DA HANS und sei Kleinkunstmusik<\/td><td>Luigi&#8217;s Galileo, bei der alten Technik<\/td><\/tr><tr><td>Freitag, 16. November 2012<\/td><td>DA HANS und sei Kleinkunstmusik<\/td><td>Kleinkunst-Cafe Cubino, Graz-Liebenau<\/td><\/tr><tr><td>Freitag, 23. November 2012<\/td><td>DA HANS und sei Kleinkunstmusik<\/td><td>Waxriegelhaus, 8691 Kapellen, <a href=\"http:\/\/www.waxriegelhaus.at\/\" target=\"_blank\" rel=\"noreferrer noopener\">www.waxriegelhaus.at<\/a><\/td><\/tr><tr><td>Sonntag, 25.November 2012<\/td><td>DA HANS und sei Kleinkunstmusik<\/td><td>Schlosskeller Ligist<\/td><\/tr><tr><td>Samstag, 1.Dezember 2012<\/td><td>DA elektrische HANS<\/td><td>Benefiz\/Kinderkrebshilfe, American Roadhouse, Graz<\/td><\/tr><tr><td>&nbsp;<\/td><td>&nbsp;<\/td><td>&nbsp;<\/td><\/tr><tr><td><strong>2011<\/strong><\/td><td>&nbsp;<\/td><td>&nbsp;<\/td><\/tr><tr><td>Samstag, 8. J\u00e4nner 2010, 19Uhr<\/td><td>DA HANS ganz allan<\/td><td>Stadthalle, Graz, AIR 2011<\/td><\/tr><tr><td>Freitag, 21. J\u00e4nner 2011, 19h30<\/td><td>Akustischer Abend<\/td><td>Cafe Cubino, Graz, Liebenau<\/td><\/tr><tr><td>Donnerstag, 3. Februar 2011, 20Uhr<\/td><td>DA HANS ganz allan<\/td><td>Mike&#8217;s Cafe Bar, Graz, Lendplatz<\/td><\/tr><tr><td>Freitag, 4. M\u00e4rz, 2011, 19h30<\/td><td>Akustischer Abend<\/td><td>Br\u00e4ukeller, Graz, Keplerstra\u00dfe<\/td><\/tr><tr><td>Samstag, 2. April 2011, 20 Uhr<\/td><td>Elektrischer Abend<\/td><td>Veranstaltungssaal, Leoben-Hinterberg <a href=\"http:\/\/www.stellwerk-441.at\/index.html\">www.stellwerk-441.at<\/a><\/td><\/tr><tr><td>Samstag, 30. April 2011, 20h30<\/td><td>Elektrischer Abend<\/td><td>Eschenlaube, Graz<\/td><\/tr><tr><td>Samstag, 7.Mai 2011, 20h30<\/td><td>Elektrischer Abend<\/td><td>American Roadhouse, Graz<\/td><\/tr><tr><td>Samstag, 28. Mai 2011, 18Uhr<\/td><td>Elektrischer Abend<\/td><td>Stadtteilfest Triesterstra\u00dfe, 8020 Graz<\/td><\/tr><tr><td>2. &#8211; 5. Juni 2011<\/td><td><a href=\"http:\/\/www.rock-am-meer.at\">Rock am Meer<\/a><\/td><td>Malinska\/Krk (Kroatien)<\/td><\/tr><tr><td>Freitag, 17. Juni 2011<\/td><td>DA HANS fast ganz allan<\/td><td>Graz, Schauspielhaus<\/td><\/tr><tr><td>Samstag, 18.Juni 2011<\/td><td>Benefiz f\u00fcr die &#8222;Grazer Sorgenkinder&#8220;<\/td><td>Graz, Rosenhain<\/td><\/tr><tr><td>Sonntag, 19.Juni 2011, 14 Uhr<\/td><td>DA HANS fast ganz allan<\/td><td>Graz, Stadtfest, Herrengasse<\/td><\/tr><tr><td>Samstag, 25. Juni 2011<\/td><td>K\u00fcrbisfest<\/td><td>Radkersburg<\/td><\/tr><tr><td>Freitag, 15.Juli 2011<\/td><td>DA HANS fast ganz allan<\/td><td>Graz, H\u00f6chwirt<\/td><\/tr><tr><td>Donnerstag, 25. August 2011<\/td><td>K\u00f6flacher Kulturtage (mit Thomas Stipsits)<\/td><td>K\u00f6flach, Volkshaus<\/td><\/tr><tr><td>Freitag, 30.September<\/td><td>DA HANS ziemlich akustisch<\/td><td>Graz, Schaupielhaus, Ebene 3<\/td><\/tr><tr><td>Samstag, 15. Oktober 2011<\/td><td>DA HANS ziemlich akustisch<\/td><td>Br\u00e4ukeller, Graz, Keplerstra\u00dfe<\/td><\/tr><tr><td>Samstag, 29. Oktober 2011<\/td><td>DA HANS ziemlich akustisch<\/td><td>&#8222;Windischhansl&#8220;, Weinitzen<\/td><\/tr><tr><td>Freitag, 4. November 2011<\/td><td>DA HANS ziemlich akustisch<\/td><td>Br\u00e4ukeller, Graz, Keplerstra\u00dfe<\/td><\/tr><tr><td>Samstag, 3.Dezember 2011<\/td><td>Benefiz f\u00fcr die Kinderkrebshilfe<\/td><td>American Roadhouse, Graz<\/td><\/tr><tr><td>Mittwoch, 7. Dezember 2011<\/td><td>DA HANS ziemlich akustisch<\/td><td>Kulturcafe, K\u00f6flach<\/td><\/tr><tr><td>Donnerstag, 22.Dezember 2011<\/td><td>DA HANS total akustisch<\/td><td>Schlo\u00dfbergbahn Graz, 15-18 Uhr<\/td><\/tr><tr><td>Freitag, 23.Dezember.2011<\/td><td>DA HANS ziemlich akustisch<\/td><td>Benefiz for Mecky, Club Q, Graz<\/td><\/tr><tr><td>&nbsp;<\/td><td>&nbsp;<\/td><td>&nbsp;<\/td><\/tr><tr><td><strong>2010<\/strong><\/td><td>&nbsp;<\/td><td>&nbsp;<\/td><\/tr><tr><td>Mittwoch, 3. November, 20Uhr<\/td><td>Elektrischer Promotion Auftritt beim Musikerstammtisch<\/td><td>American Roadhouse, Graz, Puchstra\u00dfe<\/td><\/tr><tr><td>Freitag, 5. November 2010, 19h30<\/td><td>Akustischer Abend<\/td><td>Br\u00e4ukeller, Graz, Keplerstra\u00dfe<\/td><\/tr><tr><td>Freitag, 12. November 2010, 22h30<\/td><td>Elektrischer Promotion Auftritt mit anschlie\u00dfendem Jammen<\/td><td>Tanzwirtschaft Kummer, Graz<\/td><\/tr><tr><td>Sonntag, 21. November 2010, 16Uhr<\/td><td>Matinee mit Steirischer Hans-Jause<\/td><td>Kunst+Kulturcafe Reinisch, K\u00f6flach<\/td><\/tr><tr><td>Samstag, 18. Dezember. 2010, 21Uhr<\/td><td>Elektrischer Abend<\/td><td>Cafe Zentral, Markt Hartmannsdorf<\/td><\/tr><tr><td>Donnerstag, 30.Dezember 2010, 18Uhr<\/td><td>Akustischer Gastauftritt bei Luigis &#8222;Neujahrskonzert&#8220;<\/td><td>Br\u00e4ukeller, Keplerstra\u00dfe<\/td><\/tr><\/tbody><\/table><\/figure>\n<\/div>\n<\/div>\n\n\n\n<h2 class=\"wp-block-heading\"><\/h2>\n","protected":false},"excerpt":{"rendered":"<p>aktuelle Termine: Samstag, 17.1.2026 Rockprogramm mit Band Eschenlaube. 8010 Graz Donnerstag, 18.12.2025 Lesung und Akustik-Konzert Psychosoziales Zentrum, 8020 Graz bereits vergangene Termine: Samstag, 13.12.2025 Lesung und Akustik-Konzert Altkatholische Gemeinde, 8020<a href=\"https:\/\/dahans.at\/wordpress\/index.php\/termine\/\" class=\"more-link\"><span class=\"readmore\">Continue reading<span class=\"screen-reader-text\">Termine<\/span><\/span><\/a><\/p>\n","protected":false},"author":1,"featured_media":0,"parent":0,"menu_order":0,"comment_status":"closed","ping_status":"closed","template":"","meta":{"footnotes":""},"class_list":["post-11","page","type-page","status-publish","hentry"],"_links":{"self":[{"href":"https:\/\/dahans.at\/wordpress\/index.php\/wp-json\/wp\/v2\/pages\/11","targetHints":{"allow":["GET"]}}],"collection":[{"href":"https:\/\/dahans.at\/wordpress\/index.php\/wp-json\/wp\/v2\/pages"}],"about":[{"href":"https:\/\/dahans.at\/wordpress\/index.php\/wp-json\/wp\/v2\/types\/page"}],"author":[{"embeddable":true,"href":"https:\/\/dahans.at\/wordpress\/index.php\/wp-json\/wp\/v2\/users\/1"}],"replies":[{"embeddable":true,"href":"https:\/\/dahans.at\/wordpress\/index.php\/wp-json\/wp\/v2\/comments?post=11"}],"version-history":[{"count":11,"href":"https:\/\/dahans.at\/wordpress\/index.php\/wp-json\/wp\/v2\/pages\/11\/revisions"}],"predecessor-version":[{"id":105,"href":"https:\/\/dahans.at\/wordpress\/index.php\/wp-json\/wp\/v2\/pages\/11\/revisions\/105"}],"wp:attachment":[{"href":"https:\/\/dahans.at\/wordpress\/index.php\/wp-json\/wp\/v2\/media?parent=11"}],"curies":[{"name":"wp","href":"https:\/\/api.w.org\/{rel}","templated":true}]}}